{"id":92,"date":"2026-03-30T02:15:35","date_gmt":"2026-03-30T00:15:35","guid":{"rendered":"https:\/\/jmlstavebni.cz\/?page_id=92"},"modified":"2026-03-31T06:51:59","modified_gmt":"2026-03-31T04:51:59","slug":"uvodni-stranka","status":"publish","type":"page","link":"https:\/\/jmlstavebni.cz\/","title":{"rendered":"\u00davodn\u00ed str\u00e1nka"},"content":{"rendered":"\n<p>Spole\u010dnost <strong>JML stavebn\u00ed s.r.o.<\/strong> p\u016fsob\u00ed na trhu od roku 2003 a za v\u00edce ne\u017e 20 let si vybudovala silnou pozici mezi stavebn\u00edmi firmami v <strong>Karlovarsk\u00e9m kraji<\/strong>. Zam\u011b\u0159ujeme se na komplexn\u00ed realizaci stavebn\u00edch zak\u00e1zek s d\u016frazem na kvalitu, spolehlivost a dodr\u017eov\u00e1n\u00ed term\u00edn\u016f.<\/p>\n\n\n\n<p>Na\u0161e portfolio zahrnuje <strong>ob\u010dansk\u00e9 stavby<\/strong> (rodinn\u00e9 domy, bytov\u00e9 domy, rekonstrukce), <strong>dopravn\u00ed stavby<\/strong> (komunikace, chodn\u00edky, parkovi\u0161t\u011b) a <strong>in\u017een\u00fdrsk\u00e9 stavby<\/strong> (vodovody, kanalizace, in\u017een\u00fdrsk\u00e9 s\u00edt\u011b).<\/p>\n\n\n\n<p>S\u00eddl\u00edme v <strong>Sokolov\u011b<\/strong> a p\u016fsob\u00edme v cel\u00e9m Karlovarsk\u00e9m kraji. Disponujeme kvalifikovan\u00fdm t\u00fdmem pracovn\u00edk\u016f a modern\u00edm technick\u00fdm vybaven\u00edm. D\u016fv\u011bra na\u0161ich z\u00e1kazn\u00edk\u016f je pro n\u00e1s tou nejlep\u0161\u00ed vizitkou.<\/p>\n","protected":false},"excerpt":{"rendered":"<p>Spole\u010dnost JML stavebn\u00ed s.r.o. p\u016fsob\u00ed na trhu od roku 2003 a za v\u00edce ne\u017e 20 let si vybudovala silnou pozici mezi stavebn\u00edmi firmami v Karlovarsk\u00e9m kraji. Zam\u011b\u0159ujeme se na komplexn\u00ed realizaci stavebn\u00edch zak\u00e1zek s d\u016frazem na kvalitu, spolehlivost a dodr\u017eov\u00e1n\u00ed term\u00edn\u016f. Na\u0161e portfolio zahrnuje ob\u010dansk\u00e9 stavby (rodinn\u00e9 domy, bytov\u00e9 domy, rekonstrukce), dopravn\u00ed stavby (komunikace, chodn\u00edky, <a href=\"https:\/\/jmlstavebni.cz\/\" class=\"more-link\">&#8230;<\/a><\/p>\n","protected":false},"author":1,"featured_media":811,"parent":0,"menu_order":0,"comment_status":"closed","ping_status":"closed","template":"","meta":{"footnotes":""},"class_list":["post-92","page","type-page","status-publish","has-post-thumbnail","hentry"],"_links":{"self":[{"href":"https:\/\/jmlstavebni.cz\/index.php?rest_route=\/wp\/v2\/pages\/92","targetHints":{"allow":["GET"]}}],"collection":[{"href":"https:\/\/jmlstavebni.cz\/index.php?rest_route=\/wp\/v2\/pages"}],"about":[{"href":"https:\/\/jmlstavebni.cz\/index.php?rest_route=\/wp\/v2\/types\/page"}],"author":[{"embeddable":true,"href":"https:\/\/jmlstavebni.cz\/index.php?rest_route=\/wp\/v2\/users\/1"}],"replies":[{"embeddable":true,"href":"https:\/\/jmlstavebni.cz\/index.php?rest_route=%2Fwp%2Fv2%2Fcomments&post=92"}],"version-history":[{"count":2,"href":"https:\/\/jmlstavebni.cz\/index.php?rest_route=\/wp\/v2\/pages\/92\/revisions"}],"predecessor-version":[{"id":821,"href":"https:\/\/jmlstavebni.cz\/index.php?rest_route=\/wp\/v2\/pages\/92\/revisions\/821"}],"wp:featuredmedia":[{"embeddable":true,"href":"https:\/\/jmlstavebni.cz\/index.php?rest_route=\/wp\/v2\/media\/811"}],"wp:attachment":[{"href":"https:\/\/jmlstavebni.cz\/index.php?rest_route=%2Fwp%2Fv2%2Fmedia&parent=92"}],"curies":[{"name":"wp","href":"https:\/\/api.w.org\/{rel}","templated":true}]}}